{"id":9,"date":"2024-01-28T11:16:31","date_gmt":"2024-01-28T11:16:31","guid":{"rendered":"https:\/\/wb.cilla.enson.se\/index.php\/varukorg\/"},"modified":"2024-01-28T11:16:31","modified_gmt":"2024-01-28T11:16:31","slug":"varukorg","status":"publish","type":"page","link":"https:\/\/wb.cilla.enson.se\/index.php\/varukorg\/","title":{"rendered":"Varukorg"},"content":{"rendered":"<div data-block-name=\"woocommerce\/cart\" class=\"wp-block-woocommerce-cart alignwide is-loading\"><div data-block-name=\"woocommerce\/filled-cart-block\" class=\"wp-block-woocommerce-filled-cart-block\"><div data-block-name=\"woocommerce\/cart-items-block\" class=\"wp-block-woocommerce-cart-items-block\"><div data-block-name=\"woocommerce\/cart-line-items-block\" class=\"wp-block-woocommerce-cart-line-items-block\"><\/div>\n\n<div data-block-name=\"woocommerce\/cart-cross-sells-block\" class=\"wp-block-woocommerce-cart-cross-sells-block\">\n<h2 class=\"wp-block-heading has-large-font-size\">Du kanske \u00e4r intresserad av \u2026<\/h2>\n\n\n<div data-block-name=\"woocommerce\/cart-cross-sells-products-block\" class=\"wp-block-woocommerce-cart-cross-sells-products-block\"><\/div><\/div><\/div>\n\n<div data-block-name=\"woocommerce\/cart-totals-block\" class=\"wp-block-woocommerce-cart-totals-block\"><div data-block-name=\"woocommerce\/cart-order-summary-block\" class=\"wp-block-woocommerce-cart-order-summary-block\"><div data-block-name=\"woocommerce\/cart-order-summary-heading-block\" class=\"wp-block-woocommerce-cart-order-summary-heading-block\"><\/div>\n\n<div data-block-name=\"woocommerce\/cart-order-summary-coupon-form-block\" class=\"wp-block-woocommerce-cart-order-summary-coupon-form-block\"><\/div>\n\n<div data-block-name=\"woocommerce\/cart-order-summary-subtotal-block\" class=\"wp-block-woocommerce-cart-order-summary-subtotal-block\"><\/div>\n\n<div data-block-name=\"woocommerce\/cart-order-summary-fee-block\" class=\"wp-block-woocommerce-cart-order-summary-fee-block\"><\/div>\n\n<div data-block-name=\"woocommerce\/cart-order-summary-discount-block\" class=\"wp-block-woocommerce-cart-order-summary-discount-block\"><\/div>\n\n<div data-block-name=\"woocommerce\/cart-order-summary-shipping-block\" class=\"wp-block-woocommerce-cart-order-summary-shipping-block\"><\/div>\n\n<div data-block-name=\"woocommerce\/cart-order-summary-taxes-block\" class=\"wp-block-woocommerce-cart-order-summary-taxes-block\"><\/div><\/div>\n\n<div data-block-name=\"woocommerce\/cart-express-payment-block\" class=\"wp-block-woocommerce-cart-express-payment-block\"><\/div>\n\n<div data-block-name=\"woocommerce\/proceed-to-checkout-block\" class=\"wp-block-woocommerce-proceed-to-checkout-block\"><\/div>\n\n<div data-block-name=\"woocommerce\/cart-accepted-payment-methods-block\" class=\"wp-block-woocommerce-cart-accepted-payment-methods-block\"><\/div><\/div><\/div>\n\n<div data-block-name=\"woocommerce\/empty-cart-block\" class=\"wp-block-woocommerce-empty-cart-block\">\n<h2 class=\"wp-block-heading has-text-align-center with-empty-cart-icon wc-block-cart__empty-cart__title\">Din varukorg \u00e4r f\u00f6r n\u00e4rvarande tom!<\/h2>\n\n\n\n<hr class=\"wp-block-separator has-alpha-channel-opacity is-style-dots\"\/>\n\n\n\n<h2 class=\"wp-block-heading has-text-align-center\">Nytt i butik<\/h2>\n\n\n<div data-block-name=\"woocommerce\/product-new\" data-columns=\"4\" data-rows=\"1\" class=\"wc-block-grid wp-block-product-new wc-block-product-new has-4-columns\"><ul class=\"wc-block-grid__products\"><li class=\"wc-block-grid__product\">\n\t\t\t\t<a href=\"https:\/\/wb.cilla.enson.se\/index.php\/produkt\/bensin-8cyl\/\" class=\"wc-block-grid__product-link\">\n\t\t\t\t\t\n\t\t\t\t\t<div class=\"wc-block-grid__product-image\"><img fetchpriority=\"high\" decoding=\"async\" width=\"300\" height=\"300\" src=\"https:\/\/wb.cilla.enson.se\/wp-content\/uploads\/woocommerce-placeholder-300x300.png\" class=\"woocommerce-placeholder wp-post-image\" alt=\"\" srcset=\"https:\/\/wb.cilla.enson.se\/wp-content\/uploads\/woocommerce-placeholder-300x300.png 300w, https:\/\/wb.cilla.enson.se\/wp-content\/uploads\/woocommerce-placeholder-100x100.png 100w, https:\/\/wb.cilla.enson.se\/wp-content\/uploads\/woocommerce-placeholder-600x600.png 600w, https:\/\/wb.cilla.enson.se\/wp-content\/uploads\/woocommerce-placeholder-1024x1024.png 1024w, https:\/\/wb.cilla.enson.se\/wp-content\/uploads\/woocommerce-placeholder-150x150.png 150w, https:\/\/wb.cilla.enson.se\/wp-content\/uploads\/woocommerce-placeholder-768x768.png 768w, https:\/\/wb.cilla.enson.se\/wp-content\/uploads\/woocommerce-placeholder.png 1200w\" sizes=\"(max-width: 300px) 100vw, 300px\" \/><\/div>\n\t\t\t\t\t<div class=\"wc-block-grid__product-title\">Bensin 8cyl<\/div>\n\t\t\t\t<\/a>\n\t\t\t\t<div class=\"wc-block-grid__product-price price\"><span class=\"woocommerce-Price-amount amount\">4900,00&nbsp;<span class=\"woocommerce-Price-currencySymbol\">&#107;&#114;<\/span><\/span><\/div>\n\t\t\t\t\n\t\t\t\t<div class=\"wp-block-button wc-block-grid__product-add-to-cart\"><a href=\"?add-to-cart=91\" aria-label=\"Add to cart: &ldquo;Bensin 8cyl&rdquo;\" data-quantity=\"1\" data-product_id=\"91\" data-product_sku=\"\" data-price=\"4900\" rel=\"nofollow\" class=\"wp-block-button__link  add_to_cart_button ajax_add_to_cart\">Add to cart<\/a><\/div>\n\t\t\t<\/li><li class=\"wc-block-grid__product\">\n\t\t\t\t<a href=\"https:\/\/wb.cilla.enson.se\/index.php\/produkt\/bensin-6cyl\/\" class=\"wc-block-grid__product-link\">\n\t\t\t\t\t\n\t\t\t\t\t<div class=\"wc-block-grid__product-image\"><img fetchpriority=\"high\" decoding=\"async\" width=\"300\" height=\"300\" src=\"https:\/\/wb.cilla.enson.se\/wp-content\/uploads\/woocommerce-placeholder-300x300.png\" class=\"woocommerce-placeholder wp-post-image\" alt=\"\" srcset=\"https:\/\/wb.cilla.enson.se\/wp-content\/uploads\/woocommerce-placeholder-300x300.png 300w, https:\/\/wb.cilla.enson.se\/wp-content\/uploads\/woocommerce-placeholder-100x100.png 100w, https:\/\/wb.cilla.enson.se\/wp-content\/uploads\/woocommerce-placeholder-600x600.png 600w, https:\/\/wb.cilla.enson.se\/wp-content\/uploads\/woocommerce-placeholder-1024x1024.png 1024w, https:\/\/wb.cilla.enson.se\/wp-content\/uploads\/woocommerce-placeholder-150x150.png 150w, https:\/\/wb.cilla.enson.se\/wp-content\/uploads\/woocommerce-placeholder-768x768.png 768w, https:\/\/wb.cilla.enson.se\/wp-content\/uploads\/woocommerce-placeholder.png 1200w\" sizes=\"(max-width: 300px) 100vw, 300px\" \/><\/div>\n\t\t\t\t\t<div class=\"wc-block-grid__product-title\">Bensin 6cyl<\/div>\n\t\t\t\t<\/a>\n\t\t\t\t<div class=\"wc-block-grid__product-price price\"><span class=\"woocommerce-Price-amount amount\">4700,00&nbsp;<span class=\"woocommerce-Price-currencySymbol\">&#107;&#114;<\/span><\/span><\/div>\n\t\t\t\t\n\t\t\t\t<div class=\"wp-block-button wc-block-grid__product-add-to-cart\"><a href=\"?add-to-cart=90\" aria-label=\"Add to cart: &ldquo;Bensin 6cyl&rdquo;\" data-quantity=\"1\" data-product_id=\"90\" data-product_sku=\"\" data-price=\"4700\" rel=\"nofollow\" class=\"wp-block-button__link  add_to_cart_button ajax_add_to_cart\">Add to cart<\/a><\/div>\n\t\t\t<\/li><li class=\"wc-block-grid__product\">\n\t\t\t\t<a href=\"https:\/\/wb.cilla.enson.se\/index.php\/produkt\/bensin-4cyl\/\" class=\"wc-block-grid__product-link\">\n\t\t\t\t\t\n\t\t\t\t\t<div class=\"wc-block-grid__product-image\"><img fetchpriority=\"high\" decoding=\"async\" width=\"300\" height=\"300\" src=\"https:\/\/wb.cilla.enson.se\/wp-content\/uploads\/woocommerce-placeholder-300x300.png\" class=\"woocommerce-placeholder wp-post-image\" alt=\"\" srcset=\"https:\/\/wb.cilla.enson.se\/wp-content\/uploads\/woocommerce-placeholder-300x300.png 300w, https:\/\/wb.cilla.enson.se\/wp-content\/uploads\/woocommerce-placeholder-100x100.png 100w, https:\/\/wb.cilla.enson.se\/wp-content\/uploads\/woocommerce-placeholder-600x600.png 600w, https:\/\/wb.cilla.enson.se\/wp-content\/uploads\/woocommerce-placeholder-1024x1024.png 1024w, https:\/\/wb.cilla.enson.se\/wp-content\/uploads\/woocommerce-placeholder-150x150.png 150w, https:\/\/wb.cilla.enson.se\/wp-content\/uploads\/woocommerce-placeholder-768x768.png 768w, https:\/\/wb.cilla.enson.se\/wp-content\/uploads\/woocommerce-placeholder.png 1200w\" sizes=\"(max-width: 300px) 100vw, 300px\" \/><\/div>\n\t\t\t\t\t<div class=\"wc-block-grid__product-title\">Bensin 4cyl<\/div>\n\t\t\t\t<\/a>\n\t\t\t\t<div class=\"wc-block-grid__product-price price\"><span class=\"woocommerce-Price-amount amount\">4500,00&nbsp;<span class=\"woocommerce-Price-currencySymbol\">&#107;&#114;<\/span><\/span><\/div>\n\t\t\t\t\n\t\t\t\t<div class=\"wp-block-button wc-block-grid__product-add-to-cart\"><a href=\"?add-to-cart=89\" aria-label=\"Add to cart: &ldquo;Bensin 4cyl&rdquo;\" data-quantity=\"1\" data-product_id=\"89\" data-product_sku=\"\" data-price=\"4500\" rel=\"nofollow\" class=\"wp-block-button__link  add_to_cart_button ajax_add_to_cart\">Add to cart<\/a><\/div>\n\t\t\t<\/li><li class=\"wc-block-grid__product\">\n\t\t\t\t<a href=\"https:\/\/wb.cilla.enson.se\/index.php\/produkt\/d-vinterforvaring\/\" class=\"wc-block-grid__product-link\">\n\t\t\t\t\t\n\t\t\t\t\t<div class=\"wc-block-grid__product-image\"><img fetchpriority=\"high\" decoding=\"async\" width=\"300\" height=\"300\" src=\"https:\/\/wb.cilla.enson.se\/wp-content\/uploads\/woocommerce-placeholder-300x300.png\" class=\"woocommerce-placeholder wp-post-image\" alt=\"\" srcset=\"https:\/\/wb.cilla.enson.se\/wp-content\/uploads\/woocommerce-placeholder-300x300.png 300w, https:\/\/wb.cilla.enson.se\/wp-content\/uploads\/woocommerce-placeholder-100x100.png 100w, https:\/\/wb.cilla.enson.se\/wp-content\/uploads\/woocommerce-placeholder-600x600.png 600w, https:\/\/wb.cilla.enson.se\/wp-content\/uploads\/woocommerce-placeholder-1024x1024.png 1024w, https:\/\/wb.cilla.enson.se\/wp-content\/uploads\/woocommerce-placeholder-150x150.png 150w, https:\/\/wb.cilla.enson.se\/wp-content\/uploads\/woocommerce-placeholder-768x768.png 768w, https:\/\/wb.cilla.enson.se\/wp-content\/uploads\/woocommerce-placeholder.png 1200w\" sizes=\"(max-width: 300px) 100vw, 300px\" \/><\/div>\n\t\t\t\t\t<div class=\"wc-block-grid__product-title\">D vinterf\u00f6rvaring<\/div>\n\t\t\t\t<\/a>\n\t\t\t\t<div class=\"wc-block-grid__product-price price\"><span class=\"woocommerce-Price-amount amount\">16600,00&nbsp;<span class=\"woocommerce-Price-currencySymbol\">&#107;&#114;<\/span><\/span><\/div>\n\t\t\t\t\n\t\t\t\t<div class=\"wp-block-button wc-block-grid__product-add-to-cart\"><a href=\"?add-to-cart=54\" aria-label=\"Add to cart: &ldquo;D vinterf\u00f6rvaring&rdquo;\" data-quantity=\"1\" data-product_id=\"54\" data-product_sku=\"\" data-price=\"16600\" rel=\"nofollow\" class=\"wp-block-button__link  add_to_cart_button ajax_add_to_cart\">Add to cart<\/a><\/div>\n\t\t\t<\/li><\/ul><\/div><\/div><\/div>","protected":false},"excerpt":{"rendered":"","protected":false},"author":1,"featured_media":0,"parent":0,"menu_order":0,"comment_status":"closed","ping_status":"closed","template":"","meta":{"_acf_changed":false,"footnotes":""},"class_list":["post-9","page","type-page","status-publish","hentry"],"acf":[],"_links":{"self":[{"href":"https:\/\/wb.cilla.enson.se\/index.php\/wp-json\/wp\/v2\/pages\/9","targetHints":{"allow":["GET"]}}],"collection":[{"href":"https:\/\/wb.cilla.enson.se\/index.php\/wp-json\/wp\/v2\/pages"}],"about":[{"href":"https:\/\/wb.cilla.enson.se\/index.php\/wp-json\/wp\/v2\/types\/page"}],"author":[{"embeddable":true,"href":"https:\/\/wb.cilla.enson.se\/index.php\/wp-json\/wp\/v2\/users\/1"}],"replies":[{"embeddable":true,"href":"https:\/\/wb.cilla.enson.se\/index.php\/wp-json\/wp\/v2\/comments?post=9"}],"version-history":[{"count":0,"href":"https:\/\/wb.cilla.enson.se\/index.php\/wp-json\/wp\/v2\/pages\/9\/revisions"}],"wp:attachment":[{"href":"https:\/\/wb.cilla.enson.se\/index.php\/wp-json\/wp\/v2\/media?parent=9"}],"curies":[{"name":"wp","href":"https:\/\/api.w.org\/{rel}","templated":true}]}}