{"id":91,"date":"2024-01-28T13:57:35","date_gmt":"2024-01-28T13:57:35","guid":{"rendered":"https:\/\/wb.cilla.enson.se\/?post_type=product&#038;p=91"},"modified":"2024-01-28T13:57:56","modified_gmt":"2024-01-28T13:57:56","slug":"bensin-8cyl","status":"publish","type":"product","link":"https:\/\/wb.cilla.enson.se\/index.php\/produkt\/bensin-8cyl\/","title":{"rendered":"Bensin 8cyl"},"content":{"rendered":"<ul>\n<li>Beroende p\u00e5 motor utf\u00f6rs:<\/li>\n<li>Varmk\u00f6rning<\/li>\n<li>Kontroll laddning<\/li>\n<li>Byte motorolja<\/li>\n<li>Byte Oljefilter 1 eller 2st<\/li>\n<li>Byte br\u00e4nslefilter 1 eller 2st<\/li>\n<li>Kontroll\/byte luftfilter<\/li>\n<li>Kontroll\/byte vevhusvent filter<\/li>\n<li>Fryspunkter och p\u00e5fyllning kylarv\u00e4tska<\/li>\n<li>Kontroll styrolja<\/li>\n<li>Kontroll remmar<\/li>\n<li>Allm\u00e4n \u00f6versyn<\/li>\n<li>Obs: Milj\u00f6avgift &amp; servicematerial tillkommer<\/li>\n<\/ul>\n","protected":false},"excerpt":{"rendered":"<p>Beroende p\u00e5 motor utf\u00f6rs: Varmk\u00f6rning Kontroll laddning Byte motorolja Byte Oljefilter 1 eller 2st Byte br\u00e4nslefilter 1 eller 2st Kontroll\/byte luftfilter Kontroll\/byte vevhusvent filter Fryspunkter och p\u00e5fyllning kylarv\u00e4tska Kontroll styrolja Kontroll remmar Allm\u00e4n \u00f6versyn Obs: Milj\u00f6avgift &amp; servicematerial tillkommer<\/p>\n","protected":false},"featured_media":0,"comment_status":"closed","ping_status":"closed","template":"","meta":{"_acf_changed":false},"product_cat":[20,19],"product_tag":[21],"class_list":{"0":"post-91","1":"product","2":"type-product","3":"status-publish","5":"product_cat-inombordare","6":"product_cat-motorservice","7":"product_tag-service","9":"first","10":"instock","11":"taxable","12":"shipping-taxable","13":"purchasable","14":"product-type-simple"},"acf":[],"_links":{"self":[{"href":"https:\/\/wb.cilla.enson.se\/index.php\/wp-json\/wp\/v2\/product\/91","targetHints":{"allow":["GET"]}}],"collection":[{"href":"https:\/\/wb.cilla.enson.se\/index.php\/wp-json\/wp\/v2\/product"}],"about":[{"href":"https:\/\/wb.cilla.enson.se\/index.php\/wp-json\/wp\/v2\/types\/product"}],"replies":[{"embeddable":true,"href":"https:\/\/wb.cilla.enson.se\/index.php\/wp-json\/wp\/v2\/comments?post=91"}],"wp:attachment":[{"href":"https:\/\/wb.cilla.enson.se\/index.php\/wp-json\/wp\/v2\/media?parent=91"}],"wp:term":[{"taxonomy":"product_cat","embeddable":true,"href":"https:\/\/wb.cilla.enson.se\/index.php\/wp-json\/wp\/v2\/product_cat?post=91"},{"taxonomy":"product_tag","embeddable":true,"href":"https:\/\/wb.cilla.enson.se\/index.php\/wp-json\/wp\/v2\/product_tag?post=91"}],"curies":[{"name":"wp","href":"https:\/\/api.w.org\/{rel}","templated":true}]}}